{"id":633,"date":"2024-03-25T22:40:05","date_gmt":"2024-03-25T22:40:05","guid":{"rendered":"https:\/\/andesmotorsrentacar.com\/?page_id=633"},"modified":"2024-05-14T20:50:16","modified_gmt":"2024-05-14T20:50:16","slug":"condiciones","status":"publish","type":"page","link":"https:\/\/andesmotorsrentacar.com\/index.php\/condiciones\/","title":{"rendered":"Requisitos"},"content":{"rendered":"\t\t<div data-elementor-type=\"wp-page\" data-elementor-id=\"633\" class=\"elementor elementor-633\" data-elementor-post-type=\"page\">\n\t\t\t\t<div class=\"elementor-element elementor-element-26993a7 e-flex e-con-boxed e-con e-parent\" data-id=\"26993a7\" data-element_type=\"container\" data-e-type=\"container\" data-settings=\"{&quot;background_background&quot;:&quot;classic&quot;}\">\n\t\t\t\t\t<div class=\"e-con-inner\">\n\t\t<div class=\"elementor-element elementor-element-c993464 e-flex e-con-boxed e-con e-child\" data-id=\"c993464\" data-element_type=\"container\" data-e-type=\"container\">\n\t\t\t\t\t<div class=\"e-con-inner\">\n\t\t<div class=\"elementor-element elementor-element-ef3afb1 e-con-full elementor-hidden-mobile e-flex elementor-invisible e-con e-child\" data-id=\"ef3afb1\" data-element_type=\"container\" data-e-type=\"container\" data-settings=\"{&quot;background_background&quot;:&quot;slideshow&quot;,&quot;background_slideshow_gallery&quot;:[{&quot;id&quot;:2121,&quot;url&quot;:&quot;https:\\\/\\\/andesmotorsrentacar.com\\\/wp-content\\\/uploads\\\/WhatsApp-Image-2024-05-07-at-7.42.40-PM-1.jpeg&quot;},{&quot;id&quot;:2124,&quot;url&quot;:&quot;https:\\\/\\\/andesmotorsrentacar.com\\\/wp-content\\\/uploads\\\/7-Lagos.webp&quot;},{&quot;id&quot;:2122,&quot;url&quot;:&quot;https:\\\/\\\/andesmotorsrentacar.com\\\/wp-content\\\/uploads\\\/WhatsApp-Image-2024-05-07-at-7.42.40-PM-2.jpeg&quot;}],&quot;background_slideshow_transition_duration&quot;:1000,&quot;animation&quot;:&quot;fadeInLeft&quot;,&quot;background_slideshow_loop&quot;:&quot;yes&quot;,&quot;background_slideshow_slide_duration&quot;:5000,&quot;background_slideshow_slide_transition&quot;:&quot;fade&quot;}\">\n\t\t\t\t<\/div>\n\t\t<div class=\"elementor-element elementor-element-36299f1 e-flex e-con-boxed elementor-invisible e-con e-child\" data-id=\"36299f1\" data-element_type=\"container\" data-e-type=\"container\" data-settings=\"{&quot;background_background&quot;:&quot;classic&quot;,&quot;animation&quot;:&quot;fadeInRight&quot;}\">\n\t\t\t\t\t<div class=\"e-con-inner\">\n\t\t<div class=\"elementor-element elementor-element-8776abc e-flex e-con-boxed e-con e-child\" data-id=\"8776abc\" data-element_type=\"container\" data-e-type=\"container\" data-settings=\"{&quot;background_background&quot;:&quot;classic&quot;}\">\n\t\t\t\t\t<div class=\"e-con-inner\">\n\t\t\t\t<div class=\"elementor-element elementor-element-ca1d64c elementor-widget__width-auto elementor-widget elementor-widget-heading\" data-id=\"ca1d64c\" data-element_type=\"widget\" data-e-type=\"widget\" data-widget_type=\"heading.default\">\n\t\t\t\t<div class=\"elementor-widget-container\">\n\t\t\t\t\t<h2 class=\"elementor-heading-title elementor-size-default\">Requisitos<\/h2>\t\t\t\t<\/div>\n\t\t\t\t<\/div>\n\t\t\t\t<div class=\"elementor-element elementor-element-02ef86b elementor-widget__width-auto elementor-widget elementor-widget-text-editor\" data-id=\"02ef86b\" data-element_type=\"widget\" data-e-type=\"widget\" data-widget_type=\"text-editor.default\">\n\t\t\t\t<div class=\"elementor-widget-container\">\n\t\t\t\t\t\t\t\t\t<p>\u2022 Ser mayor de 21 a\u00f1os.<\/p><p>\u2022 Documento de identidad o pasaporte.<\/p><p>\u2022 Registro de conducir vigente.<\/p><p>\u2022 Poseer una tarjeta de cr\u00e9dito v\u00e1lida.<\/p><p>\u2022 El alquiler se abonan por adelantado, en efectivo o mediante transferencia.<\/p>\t\t\t\t\t\t\t\t<\/div>\n\t\t\t\t<\/div>\n\t\t\t\t\t<\/div>\n\t\t\t\t<\/div>\n\t\t<div class=\"elementor-element elementor-element-7375e8b e-flex e-con-boxed e-con e-child\" data-id=\"7375e8b\" data-element_type=\"container\" data-e-type=\"container\" data-settings=\"{&quot;background_background&quot;:&quot;classic&quot;}\">\n\t\t\t\t\t<div class=\"e-con-inner\">\n\t\t\t\t<div class=\"elementor-element elementor-element-317cce6 elementor-widget__width-auto elementor-widget elementor-widget-heading\" data-id=\"317cce6\" data-element_type=\"widget\" data-e-type=\"widget\" data-widget_type=\"heading.default\">\n\t\t\t\t<div class=\"elementor-widget-container\">\n\t\t\t\t\t<h2 class=\"elementor-heading-title elementor-size-default\">entrega de unidades<\/h2>\t\t\t\t<\/div>\n\t\t\t\t<\/div>\n\t\t\t\t<div class=\"elementor-element elementor-element-fcdb3f7 elementor-widget__width-auto elementor-widget elementor-widget-text-editor\" data-id=\"fcdb3f7\" data-element_type=\"widget\" data-e-type=\"widget\" data-widget_type=\"text-editor.default\">\n\t\t\t\t<div class=\"elementor-widget-container\">\n\t\t\t\t\t\t\t\t\t<p>\u2022 Los veh\u00edculos se entregan con el tanque lleno de combustible y deber\u00e1n ser devueltos de la misma manera, de lo contrario, se cobra un recargo por el llenado de este.<br \/><br \/>\u2022 A la entrega del veh\u00edculo, se proceder\u00e1 a una revisi\u00f3n conjunta del mismo, anotando en el contrato los detalles.<\/p>\t\t\t\t\t\t\t\t<\/div>\n\t\t\t\t<\/div>\n\t\t\t\t\t<\/div>\n\t\t\t\t<\/div>\n\t\t\t\t\t<\/div>\n\t\t\t\t<\/div>\n\t\t\t\t\t<\/div>\n\t\t\t\t<\/div>\n\t\t\t\t\t<\/div>\n\t\t\t\t<\/div>\n\t\t<div class=\"elementor-element elementor-element-e242db5 e-con-full e-flex e-con e-parent\" data-id=\"e242db5\" data-element_type=\"container\" data-e-type=\"container\" data-settings=\"{&quot;background_background&quot;:&quot;classic&quot;}\">\n\t\t<div class=\"elementor-element elementor-element-a37eed1 e-con-full e-flex e-con e-child\" data-id=\"a37eed1\" data-element_type=\"container\" data-e-type=\"container\" data-settings=\"{&quot;background_background&quot;:&quot;classic&quot;}\">\n\t\t\t\t<div class=\"elementor-element elementor-element-7066626 elementor-widget elementor-widget-heading\" data-id=\"7066626\" data-element_type=\"widget\" data-e-type=\"widget\" data-widget_type=\"heading.default\">\n\t\t\t\t<div class=\"elementor-widget-container\">\n\t\t\t\t\t<h6 class=\"elementor-heading-title elementor-size-default\">date un gusto<\/h6>\t\t\t\t<\/div>\n\t\t\t\t<\/div>\n\t\t\t\t<div class=\"elementor-element elementor-element-07e3c9a elementor-widget elementor-widget-heading\" data-id=\"07e3c9a\" data-element_type=\"widget\" data-e-type=\"widget\" data-widget_type=\"heading.default\">\n\t\t\t\t<div class=\"elementor-widget-container\">\n\t\t\t\t\t<h3 class=\"elementor-heading-title elementor-size-default\">veni a descubrir <br> el sur<\/h3>\t\t\t\t<\/div>\n\t\t\t\t<\/div>\n\t\t\t\t<div class=\"elementor-element elementor-element-0a12b0f elementor-align-center elementor-widget__width-auto elementor-mobile-align-center elementor-invisible elementor-widget elementor-widget-bdt-advanced-button\" data-id=\"0a12b0f\" data-element_type=\"widget\" data-e-type=\"widget\" data-settings=\"{&quot;_animation&quot;:&quot;fadeInLeft&quot;}\" data-widget_type=\"bdt-advanced-button.default\">\n\t\t\t\t<div class=\"elementor-widget-container\">\n\t\t\t\t\t\t\t<div class=\"bdt-ep-button-wrapper\">\n\t\t\t<a href=\"https:\/\/andesmotorsrentacar.com\/index.php\/flota\/\" class=\"bdt-ep-button bdt-ep-button-effect-c bdt-ep-button-size-sm\">\n\t\t\t\t\t\t<div class=\"bdt-ep-button-content-wrapper bdt-flex bdt-flex-middle bdt-flex-center  \" data-text=\"VER NUESTRA fLOTA\">\n\t\t\t\t\t\t\t<div class=\"bdt-ep-button-icon bdt-flex-center bdt-flex-align-right\">\n\t\t\t\t\t<div class=\"bdt-ep-button-icon-inner\">\n\n\t\t\t\t\t\t<svg aria-hidden=\"true\" class=\"fa-fw e-font-icon-svg e-fas-arrow-right\" viewBox=\"0 0 448 512\" xmlns=\"http:\/\/www.w3.org\/2000\/svg\"><path d=\"M190.5 66.9l22.2-22.2c9.4-9.4 24.6-9.4 33.9 0L441 239c9.4 9.4 9.4 24.6 0 33.9L246.6 467.3c-9.4 9.4-24.6 9.4-33.9 0l-22.2-22.2c-9.5-9.5-9.3-25 .4-34.3L311.4 296H24c-13.3 0-24-10.7-24-24v-32c0-13.3 10.7-24 24-24h287.4L190.9 101.2c-9.8-9.3-10-24.8-.4-34.3z\"><\/path><\/svg>\n\t\t\t\t\t<\/div>\n\t\t\t\t<\/div>\n\t\t\t\n\t\t\t<div class=\"bdt-ep-button-text\">\n\n\t\t\t\t<span class=\"avdbtn-text\">\n\t\t\t\t\tVER NUESTRA fLOTA\t\t\t\t<\/span>\n\n\t\t\t\t\t\t\t<\/div>\n\n\t\t\t\n\t\t<\/div>\n\t\t\t\t\t<\/a>\n\t\t<\/div>\n\t\t\t\t\t\t<\/div>\n\t\t\t\t<\/div>\n\t\t\t\t<\/div>\n\t\t<div class=\"elementor-element elementor-element-124e8c3 e-con-full e-flex e-con e-child\" data-id=\"124e8c3\" data-element_type=\"container\" data-e-type=\"container\" data-settings=\"{&quot;background_background&quot;:&quot;classic&quot;}\">\n\t\t\t\t<\/div>\n\t\t\t\t<\/div>\n\t\t\t\t<\/div>\n\t\t","protected":false},"excerpt":{"rendered":"<p>Requisitos \u2022 Ser mayor de 21 a\u00f1os. \u2022 Documento de identidad o pasaporte. \u2022 Registro de conducir vigente. \u2022 Poseer una tarjeta de cr\u00e9dito v\u00e1lida. \u2022 El alquiler se abonan por adelantado, en efectivo o mediante transferencia. entrega de unidades \u2022 Los veh\u00edculos se entregan con el tanque lleno de combustible y deber\u00e1n ser devueltos [&hellip;]<\/p>\n","protected":false},"author":1,"featured_media":0,"parent":0,"menu_order":0,"comment_status":"closed","ping_status":"closed","template":"","meta":{"footnotes":""},"class_list":["post-633","page","type-page","status-publish","hentry"],"_links":{"self":[{"href":"https:\/\/andesmotorsrentacar.com\/index.php\/wp-json\/wp\/v2\/pages\/633","targetHints":{"allow":["GET"]}}],"collection":[{"href":"https:\/\/andesmotorsrentacar.com\/index.php\/wp-json\/wp\/v2\/pages"}],"about":[{"href":"https:\/\/andesmotorsrentacar.com\/index.php\/wp-json\/wp\/v2\/types\/page"}],"author":[{"embeddable":true,"href":"https:\/\/andesmotorsrentacar.com\/index.php\/wp-json\/wp\/v2\/users\/1"}],"replies":[{"embeddable":true,"href":"https:\/\/andesmotorsrentacar.com\/index.php\/wp-json\/wp\/v2\/comments?post=633"}],"version-history":[{"count":104,"href":"https:\/\/andesmotorsrentacar.com\/index.php\/wp-json\/wp\/v2\/pages\/633\/revisions"}],"predecessor-version":[{"id":2129,"href":"https:\/\/andesmotorsrentacar.com\/index.php\/wp-json\/wp\/v2\/pages\/633\/revisions\/2129"}],"wp:attachment":[{"href":"https:\/\/andesmotorsrentacar.com\/index.php\/wp-json\/wp\/v2\/media?parent=633"}],"curies":[{"name":"wp","href":"https:\/\/api.w.org\/{rel}","templated":true}]}}