{"id":1416,"date":"2024-04-17T12:49:04","date_gmt":"2024-04-17T12:49:04","guid":{"rendered":"https:\/\/andesmotorsrentacar.com\/?page_id=1416"},"modified":"2026-02-02T20:30:41","modified_gmt":"2026-02-02T20:30:41","slug":"servicios","status":"publish","type":"page","link":"https:\/\/andesmotorsrentacar.com\/index.php\/servicios\/","title":{"rendered":"Servicios"},"content":{"rendered":"\t\t<div data-elementor-type=\"wp-page\" data-elementor-id=\"1416\" class=\"elementor elementor-1416\" data-elementor-post-type=\"page\">\n\t\t\t\t<div class=\"elementor-element elementor-element-26993a7 e-flex e-con-boxed e-con e-parent\" data-id=\"26993a7\" data-element_type=\"container\" data-e-type=\"container\" data-settings=\"{&quot;background_background&quot;:&quot;classic&quot;}\">\n\t\t\t\t\t<div class=\"e-con-inner\">\n\t\t<div class=\"elementor-element elementor-element-4338382 e-con-full e-flex elementor-invisible e-con e-child\" data-id=\"4338382\" data-element_type=\"container\" data-e-type=\"container\" data-settings=\"{&quot;background_background&quot;:&quot;classic&quot;,&quot;animation&quot;:&quot;slideInDown&quot;,&quot;animation_delay&quot;:900}\">\n\t\t<div class=\"elementor-element elementor-element-b06a0b7 e-con-full e-flex e-con e-child\" data-id=\"b06a0b7\" data-element_type=\"container\" data-e-type=\"container\" data-settings=\"{&quot;background_background&quot;:&quot;classic&quot;}\">\n\t\t\t\t<div class=\"elementor-element elementor-element-5a78c0d elementor-widget__width-auto elementor-view-default elementor-widget elementor-widget-icon\" data-id=\"5a78c0d\" data-element_type=\"widget\" data-e-type=\"widget\" data-widget_type=\"icon.default\">\n\t\t\t\t<div class=\"elementor-widget-container\">\n\t\t\t\t\t\t\t<div class=\"elementor-icon-wrapper\">\n\t\t\t<div class=\"elementor-icon\">\n\t\t\t<svg aria-hidden=\"true\" class=\"e-font-icon-svg e-fas-asterisk\" viewBox=\"0 0 512 512\" xmlns=\"http:\/\/www.w3.org\/2000\/svg\"><path d=\"M478.21 334.093L336 256l142.21-78.093c11.795-6.477 15.961-21.384 9.232-33.037l-19.48-33.741c-6.728-11.653-21.72-15.499-33.227-8.523L296 186.718l3.475-162.204C299.763 11.061 288.937 0 275.48 0h-38.96c-13.456 0-24.283 11.061-23.994 24.514L216 186.718 77.265 102.607c-11.506-6.976-26.499-3.13-33.227 8.523l-19.48 33.741c-6.728 11.653-2.562 26.56 9.233 33.037L176 256 33.79 334.093c-11.795 6.477-15.961 21.384-9.232 33.037l19.48 33.741c6.728 11.653 21.721 15.499 33.227 8.523L216 325.282l-3.475 162.204C212.237 500.939 223.064 512 236.52 512h38.961c13.456 0 24.283-11.061 23.995-24.514L296 325.282l138.735 84.111c11.506 6.976 26.499 3.13 33.227-8.523l19.48-33.741c6.728-11.653 2.563-26.559-9.232-33.036z\"><\/path><\/svg>\t\t\t<\/div>\n\t\t<\/div>\n\t\t\t\t\t\t<\/div>\n\t\t\t\t<\/div>\n\t\t\t\t<div class=\"elementor-element elementor-element-320dc58 elementor-widget elementor-widget-heading\" data-id=\"320dc58\" data-element_type=\"widget\" data-e-type=\"widget\" data-widget_type=\"heading.default\">\n\t\t\t\t<div class=\"elementor-widget-container\">\n\t\t\t\t\t<h2 class=\"elementor-heading-title elementor-size-default\">novedad<\/h2>\t\t\t\t<\/div>\n\t\t\t\t<\/div>\n\t\t\t\t<div class=\"elementor-element elementor-element-2d2b0df elementor-widget__width-auto elementor-view-default elementor-widget elementor-widget-icon\" data-id=\"2d2b0df\" data-element_type=\"widget\" data-e-type=\"widget\" data-widget_type=\"icon.default\">\n\t\t\t\t<div class=\"elementor-widget-container\">\n\t\t\t\t\t\t\t<div class=\"elementor-icon-wrapper\">\n\t\t\t<div class=\"elementor-icon\">\n\t\t\t<svg aria-hidden=\"true\" class=\"e-font-icon-svg e-fas-asterisk\" viewBox=\"0 0 512 512\" xmlns=\"http:\/\/www.w3.org\/2000\/svg\"><path d=\"M478.21 334.093L336 256l142.21-78.093c11.795-6.477 15.961-21.384 9.232-33.037l-19.48-33.741c-6.728-11.653-21.72-15.499-33.227-8.523L296 186.718l3.475-162.204C299.763 11.061 288.937 0 275.48 0h-38.96c-13.456 0-24.283 11.061-23.994 24.514L216 186.718 77.265 102.607c-11.506-6.976-26.499-3.13-33.227 8.523l-19.48 33.741c-6.728 11.653-2.562 26.56 9.233 33.037L176 256 33.79 334.093c-11.795 6.477-15.961 21.384-9.232 33.037l19.48 33.741c6.728 11.653 21.721 15.499 33.227 8.523L216 325.282l-3.475 162.204C212.237 500.939 223.064 512 236.52 512h38.961c13.456 0 24.283-11.061 23.995-24.514L296 325.282l138.735 84.111c11.506 6.976 26.499 3.13 33.227-8.523l19.48-33.741c6.728-11.653 2.563-26.559-9.232-33.036z\"><\/path><\/svg>\t\t\t<\/div>\n\t\t<\/div>\n\t\t\t\t\t\t<\/div>\n\t\t\t\t<\/div>\n\t\t\t\t<\/div>\n\t\t\t\t<div class=\"elementor-element elementor-element-67e69cb elementor-widget elementor-widget-heading\" data-id=\"67e69cb\" data-element_type=\"widget\" data-e-type=\"widget\" data-widget_type=\"heading.default\">\n\t\t\t\t<div class=\"elementor-widget-container\">\n\t\t\t\t\t<h2 class=\"elementor-heading-title elementor-size-default\">TRASLADOS<\/h2>\t\t\t\t<\/div>\n\t\t\t\t<\/div>\n\t\t\t\t<div class=\"elementor-element elementor-element-1f03c78 elementor-widget__width-inherit elementor-widget elementor-widget-text-editor\" data-id=\"1f03c78\" data-element_type=\"widget\" data-e-type=\"widget\" data-widget_type=\"text-editor.default\">\n\t\t\t\t<div class=\"elementor-widget-container\">\n\t\t\t\t\t\t\t\t\t<p>Te llevamos hasta el aeropuerto de San Mart\u00edn de los Andes o Bariloche. Tambi\u00e9n hacemos traslados a Chapelco y Las Pendientes.<\/p>\t\t\t\t\t\t\t\t<\/div>\n\t\t\t\t<\/div>\n\t\t\t\t<div class=\"elementor-element elementor-element-3c74865 elementor-widget__width-inherit elementor-widget elementor-widget-text-editor\" data-id=\"3c74865\" data-element_type=\"widget\" data-e-type=\"widget\" data-widget_type=\"text-editor.default\">\n\t\t\t\t<div class=\"elementor-widget-container\">\n\t\t\t\t\t\t\t\t\t<p>M\u00e1ximo 6 personas.<\/p>\t\t\t\t\t\t\t\t<\/div>\n\t\t\t\t<\/div>\n\t\t\t\t<\/div>\n\t\t\t\t<div class=\"elementor-element elementor-element-511ebf6 elementor-widget elementor-widget-heading\" data-id=\"511ebf6\" data-element_type=\"widget\" data-e-type=\"widget\" data-widget_type=\"heading.default\">\n\t\t\t\t<div class=\"elementor-widget-container\">\n\t\t\t\t\t<h2 class=\"elementor-heading-title elementor-size-default\">servicios<\/h2>\t\t\t\t<\/div>\n\t\t\t\t<\/div>\n\t\t\t\t<div class=\"elementor-element elementor-element-3bcda91 elementor-widget elementor-widget-heading\" data-id=\"3bcda91\" data-element_type=\"widget\" data-e-type=\"widget\" data-widget_type=\"heading.default\">\n\t\t\t\t<div class=\"elementor-widget-container\">\n\t\t\t\t\t<h2 class=\"elementor-heading-title elementor-size-default\">Incluidos en nuestra tarifa<\/h2>\t\t\t\t<\/div>\n\t\t\t\t<\/div>\n\t\t<div class=\"elementor-element elementor-element-c9df450 e-flex e-con-boxed e-con e-child\" data-id=\"c9df450\" data-element_type=\"container\" data-e-type=\"container\">\n\t\t\t\t\t<div class=\"e-con-inner\">\n\t\t<div class=\"elementor-element elementor-element-ef3afb1 e-con-full elementor-hidden-mobile e-flex elementor-invisible e-con e-child\" data-id=\"ef3afb1\" data-element_type=\"container\" data-e-type=\"container\" data-settings=\"{&quot;background_background&quot;:&quot;slideshow&quot;,&quot;background_slideshow_gallery&quot;:[{&quot;id&quot;:2105,&quot;url&quot;:&quot;https:\\\/\\\/andesmotorsrentacar.com\\\/wp-content\\\/uploads\\\/Otono.webp&quot;},{&quot;id&quot;:2106,&quot;url&quot;:&quot;https:\\\/\\\/andesmotorsrentacar.com\\\/wp-content\\\/uploads\\\/WhatsApp-Image-2024-05-07-at-7.42.39-PM-1.jpeg&quot;},{&quot;id&quot;:2108,&quot;url&quot;:&quot;https:\\\/\\\/andesmotorsrentacar.com\\\/wp-content\\\/uploads\\\/WhatsApp-Image-2024-05-07-at-8.28.51-PM-1.jpeg&quot;}],&quot;background_slideshow_transition_duration&quot;:1000,&quot;animation&quot;:&quot;fadeInLeft&quot;,&quot;background_slideshow_loop&quot;:&quot;yes&quot;,&quot;background_slideshow_slide_duration&quot;:5000,&quot;background_slideshow_slide_transition&quot;:&quot;fade&quot;}\">\n\t\t\t\t<\/div>\n\t\t<div class=\"elementor-element elementor-element-36299f1 e-flex e-con-boxed elementor-invisible e-con e-child\" data-id=\"36299f1\" data-element_type=\"container\" data-e-type=\"container\" data-settings=\"{&quot;background_background&quot;:&quot;classic&quot;,&quot;animation&quot;:&quot;fadeInRight&quot;}\">\n\t\t\t\t\t<div class=\"e-con-inner\">\n\t\t<div class=\"elementor-element elementor-element-8776abc e-flex e-con-boxed e-con e-child\" data-id=\"8776abc\" data-element_type=\"container\" data-e-type=\"container\" data-settings=\"{&quot;background_background&quot;:&quot;classic&quot;}\">\n\t\t\t\t\t<div class=\"e-con-inner\">\n\t\t\t\t<div class=\"elementor-element elementor-element-356d43c elementor-view-stacked elementor-position-inline-start elementor-mobile-position-inline-start elementor-shape-circle elementor-widget elementor-widget-icon-box\" data-id=\"356d43c\" data-element_type=\"widget\" data-e-type=\"widget\" data-widget_type=\"icon-box.default\">\n\t\t\t\t<div class=\"elementor-widget-container\">\n\t\t\t\t\t\t\t<div class=\"elementor-icon-box-wrapper\">\n\n\t\t\t\t\t\t<div class=\"elementor-icon-box-icon\">\n\t\t\t\t<span  class=\"elementor-icon\">\n\t\t\t\t<svg xmlns=\"http:\/\/www.w3.org\/2000\/svg\" id=\"Layer_1\" data-name=\"Layer 1\" viewBox=\"0 0 26 28\"><defs><style>      .cls-1 {        fill: #000;        stroke-width: 0px;      }    <\/style><\/defs><path class=\"cls-1\" d=\"M6,7c0-3.9,3.1-7,7-7s7,3.1,7,7-3.1,7-7,7-7-3.1-7-7ZM25.9,24.5c-.9-4.3-3.8-7.8-7.9-9.5-.5-.2-1.1,0-1.3.5-.9,2.1-3.3,3-5.4,2.1-1-.4-1.7-1.2-2.1-2.1-.2-.5-.8-.7-1.3-.5C3.9,16.6.9,20.2,0,24.5c-.2.9,0,1.7.6,2.4.6.7,1.4,1.1,2.3,1.1h20c.9,0,1.8-.4,2.4-1.1.5-.7.8-1.6.6-2.4Z\"><\/path><\/svg>\t\t\t\t<\/span>\n\t\t\t<\/div>\n\t\t\t\n\t\t\t\t\t\t<div class=\"elementor-icon-box-content\">\n\n\t\t\t\t\t\t\t\t\t<h3 class=\"elementor-icon-box-title\">\n\t\t\t\t\t\t<span  >\n\t\t\t\t\t\t\t2 Conductores\t\t\t\t\t\t<\/span>\n\t\t\t\t\t<\/h3>\n\t\t\t\t\n\t\t\t\t\t\t\t\t\t<p class=\"elementor-icon-box-description\">\n\t\t\t\t\t\tLa tarifa incluye el registro de hasta 2 conductores sin costo adicional.\t\t\t\t\t<\/p>\n\t\t\t\t\n\t\t\t<\/div>\n\t\t\t\n\t\t<\/div>\n\t\t\t\t\t\t<\/div>\n\t\t\t\t<\/div>\n\t\t\t\t<div class=\"elementor-element elementor-element-dda8f3e elementor-view-stacked elementor-position-inline-start elementor-mobile-position-inline-start elementor-shape-circle elementor-widget elementor-widget-icon-box\" data-id=\"dda8f3e\" data-element_type=\"widget\" data-e-type=\"widget\" data-widget_type=\"icon-box.default\">\n\t\t\t\t<div class=\"elementor-widget-container\">\n\t\t\t\t\t\t\t<div class=\"elementor-icon-box-wrapper\">\n\n\t\t\t\t\t\t<div class=\"elementor-icon-box-icon\">\n\t\t\t\t<span  class=\"elementor-icon\">\n\t\t\t\t<svg xmlns=\"http:\/\/www.w3.org\/2000\/svg\" xmlns:xlink=\"http:\/\/www.w3.org\/1999\/xlink\" id=\"Layer_1\" x=\"0px\" y=\"0px\" viewBox=\"0 0 466 468.5\" style=\"enable-background:new 0 0 466 468.5;\" xml:space=\"preserve\"><path d=\"M71,324.2c-12.4,13.4-13.7,32.3-3,43.1l32.7,32.8c10.7,10.7,29.5,9.4,42.8-3l18.9-17.6l-73.8-74.2L71,324.2z\"><\/path><polygon points=\"95.3,297.9 169.6,372.6 216.7,328.6 139.1,250.5 \"><\/polygon><path d=\"M204.3,180.7c2.9,0,5.7-1.2,7.7-3.2c4.3-4.3,4.3-11.3,0-15.6c-4.2-4.3-11.1-4.3-15.3-0.1c0,0-0.1,0-0.1,0.1l0,0  c-4.3,4.3-4.3,11.3,0,15.6C198.6,179.6,201.4,180.7,204.3,180.7z\"><\/path><path d=\"M463.8,2.1c-1.9-1.9-4.7-2.6-7.3-1.8l-37.6,10.9l-21.8,21.9l-17.5,31.7c-0.6,1.1-1.7,2-2.9,2.4l-19.3,5.9L319.7,111  l-3.3,19.1c-0.4,2.4-2.5,4.1-4.9,4.1h-14.4l-29.5,29.6l36.4,36.6l30.4-30.6l7.2-16.6c0.5-1.1,1.3-2,2.4-2.5l15.9-7.6V131  c0-2.3,1.6-4.4,3.9-4.9l18.2-4.2l20.9-21l1.2-14.8c0.2-2.3,1.9-4.1,4.1-4.5l16.7-2.9l30.5-30.7l10.3-38.6  C466.5,6.9,465.7,4.1,463.8,2.1z\"><\/path><path d=\"M236.6,146.8c-9.2-9.3-21.8-14.6-34.9-14.6c-0.4,0-0.7,0-1.1,0c-13.5,0.2-26.3,6.1-35.3,16.1L14.8,313.3  c-20.4,22.3-19.7,56.7,1.7,78.1l60.2,60.5c21.2,21.4,55.5,22.2,77.6,1.7l164-151.3c20.2-18.7,21.5-50.3,2.7-70.6  c-0.4-0.4-0.8-0.8-1.2-1.2L236.6,146.8z M189.5,154.9L189.5,154.9c8.1-8.2,21.3-8.2,29.5-0.1c0,0,0.1,0.1,0.1,0.1  c8.1,8.2,8.1,21.5,0,29.7c-8.1,8.2-21.3,8.2-29.5,0.1c0,0-0.1-0.1-0.1-0.1C181.3,176.3,181.3,163.1,189.5,154.9L189.5,154.9z   M253.9,307.5l-103.6,96.9c-9.2,8.6-20.5,13-31.3,13c-9.5,0.1-18.6-3.5-25.3-10.2l-32.7-32.8c-14.5-14.6-13.3-39.6,2.7-56.9  L160,213.1c8-8.7,19-13.8,30-14c8.8-0.3,17.3,3,23.6,9.2l45.1,45.4c6.2,6.3,9.5,14.9,9.1,23.7C267.6,288.5,262.5,299.5,253.9,307.5  L253.9,307.5z\"><\/path><path d=\"M206.5,215.4c-4.2-4.1-9.9-6.4-15.8-6.3c-0.2,0-0.3,0-0.5,0c-8.3,0.2-16.6,4.1-22.8,10.8l-21.4,23.2l78.2,78.6l23-21.5  c6.7-6.2,10.6-14.6,10.8-23c0.2-6.1-2-12.1-6.2-16.5L206.5,215.4z\"><\/path><\/svg>\t\t\t\t<\/span>\n\t\t\t<\/div>\n\t\t\t\n\t\t\t\t\t\t<div class=\"elementor-icon-box-content\">\n\n\t\t\t\t\t\t\t\t\t<h3 class=\"elementor-icon-box-title\">\n\t\t\t\t\t\t<span  >\n\t\t\t\t\t\t\tPick-up y Drop-off\t\t\t\t\t\t<\/span>\n\t\t\t\t\t<\/h3>\n\t\t\t\t\n\t\t\t\t\t\t\t\t\t<p class=\"elementor-icon-box-description\">\n\t\t\t\t\t\tAl llegar y al irte, te esperamos en el Aeropuerto Chapelco o en tu alojamiento sin costo.\t\t\t\t\t<\/p>\n\t\t\t\t\n\t\t\t<\/div>\n\t\t\t\n\t\t<\/div>\n\t\t\t\t\t\t<\/div>\n\t\t\t\t<\/div>\n\t\t\t\t<div class=\"elementor-element elementor-element-96e997b elementor-view-stacked elementor-position-inline-start elementor-mobile-position-inline-start elementor-shape-circle elementor-widget elementor-widget-icon-box\" data-id=\"96e997b\" data-element_type=\"widget\" data-e-type=\"widget\" data-widget_type=\"icon-box.default\">\n\t\t\t\t<div class=\"elementor-widget-container\">\n\t\t\t\t\t\t\t<div class=\"elementor-icon-box-wrapper\">\n\n\t\t\t\t\t\t<div class=\"elementor-icon-box-icon\">\n\t\t\t\t<span  class=\"elementor-icon\">\n\t\t\t\t<svg aria-hidden=\"true\" class=\"e-font-icon-svg e-fas-shield-alt\" viewBox=\"0 0 512 512\" xmlns=\"http:\/\/www.w3.org\/2000\/svg\"><path d=\"M466.5 83.7l-192-80a48.15 48.15 0 0 0-36.9 0l-192 80C27.7 91.1 16 108.6 16 128c0 198.5 114.5 335.7 221.5 380.3 11.8 4.9 25.1 4.9 36.9 0C360.1 472.6 496 349.3 496 128c0-19.4-11.7-36.9-29.5-44.3zM256.1 446.3l-.1-381 175.9 73.3c-3.3 151.4-82.1 261.1-175.8 307.7z\"><\/path><\/svg>\t\t\t\t<\/span>\n\t\t\t<\/div>\n\t\t\t\n\t\t\t\t\t\t<div class=\"elementor-icon-box-content\">\n\n\t\t\t\t\t\t\t\t\t<h3 class=\"elementor-icon-box-title\">\n\t\t\t\t\t\t<span  >\n\t\t\t\t\t\t\tSeguridad\t\t\t\t\t\t<\/span>\n\t\t\t\t\t<\/h3>\n\t\t\t\t\n\t\t\t\t\t\t\t\t\t<p class=\"elementor-icon-box-description\">\n\t\t\t\t\t\t\u2022 Cadenas para nieve <br>\n\u2022 Silla de beb\u00e9 y\/o booster para ni\u00f1os.\t\t\t\t\t<\/p>\n\t\t\t\t\n\t\t\t<\/div>\n\t\t\t\n\t\t<\/div>\n\t\t\t\t\t\t<\/div>\n\t\t\t\t<\/div>\n\t\t\t\t<div class=\"elementor-element elementor-element-1dc7f2c elementor-view-stacked elementor-position-inline-start elementor-mobile-position-inline-start elementor-shape-circle elementor-widget elementor-widget-icon-box\" data-id=\"1dc7f2c\" data-element_type=\"widget\" data-e-type=\"widget\" data-widget_type=\"icon-box.default\">\n\t\t\t\t<div class=\"elementor-widget-container\">\n\t\t\t\t\t\t\t<div class=\"elementor-icon-box-wrapper\">\n\n\t\t\t\t\t\t<div class=\"elementor-icon-box-icon\">\n\t\t\t\t<span  class=\"elementor-icon\">\n\t\t\t\t<svg aria-hidden=\"true\" class=\"e-font-icon-svg e-fas-plus\" viewBox=\"0 0 448 512\" xmlns=\"http:\/\/www.w3.org\/2000\/svg\"><path d=\"M416 208H272V64c0-17.67-14.33-32-32-32h-32c-17.67 0-32 14.33-32 32v144H32c-17.67 0-32 14.33-32 32v32c0 17.67 14.33 32 32 32h144v144c0 17.67 14.33 32 32 32h32c17.67 0 32-14.33 32-32V304h144c17.67 0 32-14.33 32-32v-32c0-17.67-14.33-32-32-32z\"><\/path><\/svg>\t\t\t\t<\/span>\n\t\t\t<\/div>\n\t\t\t\n\t\t\t\t\t\t<div class=\"elementor-icon-box-content\">\n\n\t\t\t\t\t\t\t\t\t<h3 class=\"elementor-icon-box-title\">\n\t\t\t\t\t\t<span  >\n\t\t\t\t\t\t\tAdicionales\t\t\t\t\t\t<\/span>\n\t\t\t\t\t<\/h3>\n\t\t\t\t\n\t\t\t\t\t\t\t\t\t<p class=\"elementor-icon-box-description\">\n\t\t\t\t\t\t\u2022 Porta ski y porta equipaje<br> (consultar disponibildad) <br>\n\u2022 Cobertura todo riesgo con franquicia \t\t\t\t\t<\/p>\n\t\t\t\t\n\t\t\t<\/div>\n\t\t\t\n\t\t<\/div>\n\t\t\t\t\t\t<\/div>\n\t\t\t\t<\/div>\n\t\t\t\t\t<\/div>\n\t\t\t\t<\/div>\n\t\t\t\t\t<\/div>\n\t\t\t\t<\/div>\n\t\t\t\t\t<\/div>\n\t\t\t\t<\/div>\n\t\t\t\t\t<\/div>\n\t\t\t\t<\/div>\n\t\t<div class=\"elementor-element elementor-element-e242db5 e-con-full e-flex e-con e-parent\" data-id=\"e242db5\" data-element_type=\"container\" data-e-type=\"container\" data-settings=\"{&quot;background_background&quot;:&quot;classic&quot;}\">\n\t\t<div class=\"elementor-element elementor-element-a37eed1 e-con-full e-flex e-con e-child\" data-id=\"a37eed1\" data-element_type=\"container\" data-e-type=\"container\" data-settings=\"{&quot;background_background&quot;:&quot;classic&quot;}\">\n\t\t\t\t<div class=\"elementor-element elementor-element-7066626 elementor-widget elementor-widget-heading\" data-id=\"7066626\" data-element_type=\"widget\" data-e-type=\"widget\" data-widget_type=\"heading.default\">\n\t\t\t\t<div class=\"elementor-widget-container\">\n\t\t\t\t\t<h6 class=\"elementor-heading-title elementor-size-default\">date un gusto<\/h6>\t\t\t\t<\/div>\n\t\t\t\t<\/div>\n\t\t\t\t<div class=\"elementor-element elementor-element-07e3c9a elementor-widget elementor-widget-heading\" data-id=\"07e3c9a\" data-element_type=\"widget\" data-e-type=\"widget\" data-widget_type=\"heading.default\">\n\t\t\t\t<div class=\"elementor-widget-container\">\n\t\t\t\t\t<h3 class=\"elementor-heading-title elementor-size-default\">veni a descubrir <br> el sur<\/h3>\t\t\t\t<\/div>\n\t\t\t\t<\/div>\n\t\t\t\t<div class=\"elementor-element elementor-element-0a12b0f elementor-align-center elementor-widget__width-auto elementor-invisible elementor-widget elementor-widget-bdt-advanced-button\" data-id=\"0a12b0f\" data-element_type=\"widget\" data-e-type=\"widget\" data-settings=\"{&quot;_animation&quot;:&quot;fadeInLeft&quot;}\" data-widget_type=\"bdt-advanced-button.default\">\n\t\t\t\t<div class=\"elementor-widget-container\">\n\t\t\t\t\t\t\t<div class=\"bdt-ep-button-wrapper\">\n\t\t\t<a href=\"https:\/\/andesmotorsrentacar.com\/index.php\/flota\/\" class=\"bdt-ep-button bdt-ep-button-effect-c bdt-ep-button-size-sm\">\n\t\t\t\t\t\t<div class=\"bdt-ep-button-content-wrapper bdt-flex bdt-flex-middle bdt-flex-center  \" data-text=\"VER NUESTRA fLOTA\">\n\t\t\t\t\t\t\t<div class=\"bdt-ep-button-icon bdt-flex-center bdt-flex-align-right\">\n\t\t\t\t\t<div class=\"bdt-ep-button-icon-inner\">\n\n\t\t\t\t\t\t<svg aria-hidden=\"true\" class=\"fa-fw e-font-icon-svg e-fas-arrow-right\" viewBox=\"0 0 448 512\" xmlns=\"http:\/\/www.w3.org\/2000\/svg\"><path d=\"M190.5 66.9l22.2-22.2c9.4-9.4 24.6-9.4 33.9 0L441 239c9.4 9.4 9.4 24.6 0 33.9L246.6 467.3c-9.4 9.4-24.6 9.4-33.9 0l-22.2-22.2c-9.5-9.5-9.3-25 .4-34.3L311.4 296H24c-13.3 0-24-10.7-24-24v-32c0-13.3 10.7-24 24-24h287.4L190.9 101.2c-9.8-9.3-10-24.8-.4-34.3z\"><\/path><\/svg>\n\t\t\t\t\t<\/div>\n\t\t\t\t<\/div>\n\t\t\t\n\t\t\t<div class=\"bdt-ep-button-text\">\n\n\t\t\t\t<span class=\"avdbtn-text\">\n\t\t\t\t\tVER NUESTRA fLOTA\t\t\t\t<\/span>\n\n\t\t\t\t\t\t\t<\/div>\n\n\t\t\t\n\t\t<\/div>\n\t\t\t\t\t<\/a>\n\t\t<\/div>\n\t\t\t\t\t\t<\/div>\n\t\t\t\t<\/div>\n\t\t\t\t<\/div>\n\t\t<div class=\"elementor-element elementor-element-124e8c3 e-con-full e-flex e-con e-child\" data-id=\"124e8c3\" data-element_type=\"container\" data-e-type=\"container\" data-settings=\"{&quot;background_background&quot;:&quot;classic&quot;}\">\n\t\t\t\t<\/div>\n\t\t\t\t<\/div>\n\t\t\t\t<\/div>\n\t\t","protected":false},"excerpt":{"rendered":"<p>novedad TRASLADOS Te llevamos hasta el aeropuerto de San Mart\u00edn de los Andes o Bariloche. Tambi\u00e9n hacemos traslados a Chapelco y Las Pendientes. M\u00e1ximo 6 personas. servicios Incluidos en nuestra tarifa 2 Conductores La tarifa incluye el registro de hasta 2 conductores sin costo adicional. Pick-up y Drop-off Al llegar y al irte, te esperamos [&hellip;]<\/p>\n","protected":false},"author":1,"featured_media":0,"parent":0,"menu_order":0,"comment_status":"closed","ping_status":"closed","template":"","meta":{"footnotes":""},"class_list":["post-1416","page","type-page","status-publish","hentry"],"_links":{"self":[{"href":"https:\/\/andesmotorsrentacar.com\/index.php\/wp-json\/wp\/v2\/pages\/1416","targetHints":{"allow":["GET"]}}],"collection":[{"href":"https:\/\/andesmotorsrentacar.com\/index.php\/wp-json\/wp\/v2\/pages"}],"about":[{"href":"https:\/\/andesmotorsrentacar.com\/index.php\/wp-json\/wp\/v2\/types\/page"}],"author":[{"embeddable":true,"href":"https:\/\/andesmotorsrentacar.com\/index.php\/wp-json\/wp\/v2\/users\/1"}],"replies":[{"embeddable":true,"href":"https:\/\/andesmotorsrentacar.com\/index.php\/wp-json\/wp\/v2\/comments?post=1416"}],"version-history":[{"count":196,"href":"https:\/\/andesmotorsrentacar.com\/index.php\/wp-json\/wp\/v2\/pages\/1416\/revisions"}],"predecessor-version":[{"id":2253,"href":"https:\/\/andesmotorsrentacar.com\/index.php\/wp-json\/wp\/v2\/pages\/1416\/revisions\/2253"}],"wp:attachment":[{"href":"https:\/\/andesmotorsrentacar.com\/index.php\/wp-json\/wp\/v2\/media?parent=1416"}],"curies":[{"name":"wp","href":"https:\/\/api.w.org\/{rel}","templated":true}]}}